{"id":135,"date":"2015-01-09T17:12:17","date_gmt":"2015-01-09T17:12:17","guid":{"rendered":"http:\/\/fundicionnavarro.com.ar\/fundiciondeacero\/?page_id=135"},"modified":"2015-01-13T13:12:27","modified_gmt":"2015-01-13T13:12:27","slug":"historia","status":"publish","type":"page","link":"http:\/\/fundicionnavarro.com.ar\/fundiciondeacero\/navarro\/historia\/","title":{"rendered":"Historia"},"content":{"rendered":"<p style=\"text-align: center;\"><a href=\"http:\/\/fundicionnavarro.com.ar\/fundiciondeacero\/wp-content\/uploads\/2015\/01\/muni.jpg\"><img loading=\"lazy\" class=\"alignnone size-full wp-image-136\" src=\"http:\/\/fundicionnavarro.com.ar\/fundiciondeacero\/wp-content\/uploads\/2015\/01\/muni.jpg\" alt=\"muni\" width=\"50\" height=\"58\" \/><\/a><br \/>\n<strong>MUNICIPALIDAD DE NAVARRO<br \/>\nDIRECCION DE LA PRODUCCION Y EL EMPLEO<br \/>\nCASA DE CAMPO<\/strong><\/p>\n<p>Este poblado bonaerense surgi\u00f3 all\u00e1 por 1767 como guardia fronteriza junto a la laguna, para prevenir los ataques de los indios. Fue elevado a fort\u00edn por orden del Virrey Verti\u00f3 en el a\u00f1o 1779 y declarado partido por el Cabildo de Luj\u00e1n, en 1798 bajo la denominaci\u00f3n de San Lorenzo de Navarro. Seg\u00fan las versiones m\u00e1s firmes, indican que se llam\u00f3 as\u00ed al partido y ciudad cabecera, en homenaje al Capit\u00e1n Miguel Navarro a quien Juan de Garay otorg\u00f3 en encomienda al cacique Pibisque (o Chivilque) con todos sus indios. A partir de este hecho, algunos historiadores deducen que de dicho oficial tom\u00f3 su nombre la laguna de Navarro. San Lorenzo se refiere al patrono bajo cuya advocaci\u00f3n fue puesta la Guardia y luego el partido. Del a\u00f1o 1807 data la capilla construida en barro, que en 1838 fue elevada a la categor\u00eda de parroquia, bajo la advocaci\u00f3n de San Lorenzo M\u00e1rtir. All\u00ed se comenz\u00f3 a edificar un segundo templo, inaugurado en 1852.<\/p>\n<p>En esta localidad, ubicada a 110 kil\u00f3metros de la Capital Federal, se produjo un hecho hist\u00f3rico conocido como la Tragedia de Navarro. El 9 de diciembre de 1828, al sur del pueblito, se libra la batalla de Navarro, en la que las fuerzas del unitario General Lavalle derrotan a las del federal Coronel Manuel Dorrego, Gobernador de la Provincia de Buenos Aires, quien fue fusilado, por orden de Lavalle, el 13 de diciembre de 1828 en las inmediaciones del casco de la estancia El Talar. Los restos del m\u00e1rtir del federalismo descansaron un a\u00f1o en el atrio de la iglesia de Navarro, para ser luego trasladados a la b\u00f3veda familiar en el cementerio de la Recoleta, donde se descansan en la actualidad.<br \/>\nEstas tierras tambi\u00e9n son conocidas por ser los pagos de Juan Moreira. Famoso pendenciero, que supo ser guardaespaldas del Dr. Valent\u00edn Alsina all\u00e1, por 1866. Moreira vuelve a Navarro en 1867, donde frecuentaba la fonda de Borda, frente a la Plaza Mitre entre otras pulper\u00edas de la zona. En 1869, Juan Moreira mata en duelo criollo al Teniente Alcalde Juan C\u00f3rdoba, en la pulper\u00eda de Antonio Crovetto y huye de Navarro. Luego de inclinarse abiertamente por los \u201cmitristas nacionalistas\u201d y dejar el \u201calsinismo autonomista\u201d, Moreira vuelve a batirse a duelo en 1874 y mata a un malevo alsinista, Jos\u00e9 Leguizamon, en la pulper\u00eda de Olazo, ubicada donde hoy se emplaza el Banco Naci\u00f3n. El 30 de abril de ese mismo a\u00f1o, Juan Moreira, muere a los 34 a\u00f1os de edad, en el vecino pueblo de Lobos, a manos de una partida militar, regenteada por el Sargento Chirino.<br \/>\nQuienes lleguen hasta Navarro podr\u00e1n visitar, entre otros atractivos, la antigua Pulper\u00eda de Moreira, el antiguo solar ferroviario donde se ubica el complejo museogr\u00e1fico, el fort\u00edn y una importante colecci\u00f3n de carretones.<br \/>\nEn el museo hist\u00f3rico, tambi\u00e9n frente a la plaza principal, puede encontrarse una interesante variedad de art\u00edculos que recuerdan costumbres de \u00e9pocas pasadas, entre ellos, vitrolas, armas de fuego, abanicos, dinero en efectivo, retratos y bombas de agua.<br \/>\nTambi\u00e9n se puede visitar el Museo de Ciencias Naturales y Paleontolog\u00eda, que exhibe restos f\u00f3siles encontrados en la zona.<br \/>\nA 5 kil\u00f3metros de la ciudad, se encuentra el Parque Dorrego, sitio donde fusilaron al entonces Gobernador de Buenos Aires el 13 de Diciembre de 1828. Rodeado por una magn\u00edfica arboleda, este lugar Hist\u00f3rico Nacional alberga un templete con varios objetos y documentos de la \u00e9poca. Lindera a la Estancia El Talar, finca que sirvi\u00f3 de base al ej\u00e9rcito de Lavalle y lugar adem\u00e1s, donde Dorrego pas\u00f3 prisionero sus \u00faltimos cuatro d\u00edas de vida.<\/p>\n","protected":false},"excerpt":{"rendered":"<p>MUNICIPALIDAD DE NAVARRO DIRECCION DE LA PRODUCCION Y EL EMPLEO CASA DE CAMPO Este poblado bonaerense surgi\u00f3 all\u00e1 por 1767 como guardia fronteriza junto a la laguna, para prevenir los ataques de los indios. Fue elevado a fort\u00edn por orden del Virrey Verti\u00f3 en el a\u00f1o 1779 y declarado partido por el Cabildo de Luj\u00e1n, &hellip; <\/p>\n","protected":false},"author":1,"featured_media":0,"parent":56,"menu_order":0,"comment_status":"closed","ping_status":"closed","template":"","meta":[],"aioseo_notices":[],"_links":{"self":[{"href":"http:\/\/fundicionnavarro.com.ar\/fundiciondeacero\/wp-json\/wp\/v2\/pages\/135"}],"collection":[{"href":"http:\/\/fundicionnavarro.com.ar\/fundiciondeacero\/wp-json\/wp\/v2\/pages"}],"about":[{"href":"http:\/\/fundicionnavarro.com.ar\/fundiciondeacero\/wp-json\/wp\/v2\/types\/page"}],"author":[{"embeddable":true,"href":"http:\/\/fundicionnavarro.com.ar\/fundiciondeacero\/wp-json\/wp\/v2\/users\/1"}],"replies":[{"embeddable":true,"href":"http:\/\/fundicionnavarro.com.ar\/fundiciondeacero\/wp-json\/wp\/v2\/comments?post=135"}],"version-history":[{"count":2,"href":"http:\/\/fundicionnavarro.com.ar\/fundiciondeacero\/wp-json\/wp\/v2\/pages\/135\/revisions"}],"predecessor-version":[{"id":150,"href":"http:\/\/fundicionnavarro.com.ar\/fundiciondeacero\/wp-json\/wp\/v2\/pages\/135\/revisions\/150"}],"up":[{"embeddable":true,"href":"http:\/\/fundicionnavarro.com.ar\/fundiciondeacero\/wp-json\/wp\/v2\/pages\/56"}],"wp:attachment":[{"href":"http:\/\/fundicionnavarro.com.ar\/fundiciondeacero\/wp-json\/wp\/v2\/media?parent=135"}],"curies":[{"name":"wp","href":"https:\/\/api.w.org\/{rel}","templated":true}]}}