{"id":15,"date":"2015-01-09T12:25:09","date_gmt":"2015-01-09T12:25:09","guid":{"rendered":"http:\/\/fundicionnavarro.com.ar\/fundiciondeacero\/?page_id=15"},"modified":"2022-09-23T19:35:17","modified_gmt":"2022-09-23T19:35:17","slug":"historia","status":"publish","type":"page","link":"http:\/\/fundicionnavarro.com.ar\/fundiciondeacero\/fundicion-navarro-2\/historia\/","title":{"rendered":"Historia"},"content":{"rendered":"<p>Carlos Alberto Pagano comenz\u00f3 su trabajo en fundici\u00f3n de aceros e hierros en el a\u00f1o 1958, (siendo estudiante de<br \/>\nqu\u00edmica) bajo la directiva de Ars\u00e9nio Gaspar Sandoval en el laboratorio de an\u00e1lisis de Compa\u00f1\u00eda Industrial de<br \/>\nElectricidad ubicada en Salguero 3211 Capital, justo frente al actual Shooping Acorta.<br \/>\nLa Empresa CIE fundada por el Ing. Juan Carozio (fundador de Compa\u00f1\u00eda Italo de Electricidad) fue pionera en la<br \/>\nelaboraci\u00f3n de hierros, hierros aleados, aceros inoxidables, refractarios, al manganeso etc. Luego de pasar por el<br \/>\ndepartamento de Calidad se retiro en el a\u00f1o 1968 como jefe de hornos.<br \/>\n<strong><br \/>\nFUNDAMENTOS<\/strong><br \/>\nFundici\u00f3n Navarro tuvo como objetivo la elaboraci\u00f3n de piezas en distintas aleaciones para cubrir las necesidades<br \/>\ndel mercado en cantidades acorde con su capacidad.<br \/>\nLa pol\u00edtica de la empresa es comprometer no m\u00e1s de su capacidad para poder respetar los plazos acordados y<br \/>\nmantener la calidad del producto elaborado.<br \/>\nEl funcionamiento de la empresa esta basado en la colaboraci\u00f3n y dedicaci\u00f3n de su personal como la infaltable<br \/>\nayuda de proveedores y amigos.-<br \/>\nAsesoramiento, desarrollo de piezas con presentaci\u00f3n en Solid Work. AutoCAd, elaboraci\u00f3n de modelos.<\/p>\n<p><strong>NAVARRO<\/strong><br \/>\nEn el a\u00f1o 1978 , debido a la reglamentaci\u00f3n de instalaci\u00f3n de industrias con m\u00e1s de 50Kw de potencia fuera del<br \/>\nradio de 50 Km. de Capital Federal , se traslado la planta a un predio de 5000 mts. Con 600 m2 cubiertos en la<br \/>\nlocalidad de Navarro Provincia de Bs.As.<br \/>\n<strong><br \/>\nINCORPORACION<\/strong><br \/>\nCon la Incorporaci\u00f3n del Sr. Jos\u00e9 Antonio Rosato ex CIE ,ex LOGA,ex MFV. Ampliamos la linera de clientes en los<br \/>\nrubros tratamientos t\u00e9rmicos y cementeros.<\/p>\n","protected":false},"excerpt":{"rendered":"<p>Carlos Alberto Pagano comenz\u00f3 su trabajo en fundici\u00f3n de aceros e hierros en el a\u00f1o 1958, (siendo estudiante de qu\u00edmica) bajo la directiva de Ars\u00e9nio Gaspar Sandoval en el laboratorio de an\u00e1lisis de Compa\u00f1\u00eda Industrial de Electricidad ubicada en Salguero 3211 Capital, justo frente al actual Shooping Acorta. La Empresa CIE fundada por el Ing. &hellip; <\/p>\n","protected":false},"author":1,"featured_media":111,"parent":2,"menu_order":0,"comment_status":"closed","ping_status":"closed","template":"","meta":[],"aioseo_notices":[],"_links":{"self":[{"href":"http:\/\/fundicionnavarro.com.ar\/fundiciondeacero\/wp-json\/wp\/v2\/pages\/15"}],"collection":[{"href":"http:\/\/fundicionnavarro.com.ar\/fundiciondeacero\/wp-json\/wp\/v2\/pages"}],"about":[{"href":"http:\/\/fundicionnavarro.com.ar\/fundiciondeacero\/wp-json\/wp\/v2\/types\/page"}],"author":[{"embeddable":true,"href":"http:\/\/fundicionnavarro.com.ar\/fundiciondeacero\/wp-json\/wp\/v2\/users\/1"}],"replies":[{"embeddable":true,"href":"http:\/\/fundicionnavarro.com.ar\/fundiciondeacero\/wp-json\/wp\/v2\/comments?post=15"}],"version-history":[{"count":3,"href":"http:\/\/fundicionnavarro.com.ar\/fundiciondeacero\/wp-json\/wp\/v2\/pages\/15\/revisions"}],"predecessor-version":[{"id":82,"href":"http:\/\/fundicionnavarro.com.ar\/fundiciondeacero\/wp-json\/wp\/v2\/pages\/15\/revisions\/82"}],"up":[{"embeddable":true,"href":"http:\/\/fundicionnavarro.com.ar\/fundiciondeacero\/wp-json\/wp\/v2\/pages\/2"}],"wp:featuredmedia":[{"embeddable":true,"href":"http:\/\/fundicionnavarro.com.ar\/fundiciondeacero\/wp-json\/wp\/v2\/media\/111"}],"wp:attachment":[{"href":"http:\/\/fundicionnavarro.com.ar\/fundiciondeacero\/wp-json\/wp\/v2\/media?parent=15"}],"curies":[{"name":"wp","href":"https:\/\/api.w.org\/{rel}","templated":true}]}}