{"id":34,"date":"2015-01-09T12:36:47","date_gmt":"2015-01-09T12:36:47","guid":{"rendered":"http:\/\/fundicionnavarro.com.ar\/fundiciondeacero\/?page_id=34"},"modified":"2022-09-23T19:42:25","modified_gmt":"2022-09-23T19:42:25","slug":"materiales","status":"publish","type":"page","link":"http:\/\/fundicionnavarro.com.ar\/fundiciondeacero\/produccion\/materiales\/","title":{"rendered":"Materiales"},"content":{"rendered":"<p><em><strong>Materiales Producidos<\/strong><\/em><\/p>\n<p>Potencia instalada de 400 Kw. en media tensi\u00f3n y 80 Kw. en baja tensi\u00f3n.\u00a0Horno de fusi\u00f3n Whiting trif\u00e1sico con regulaci\u00f3n autom\u00e1tica y tapa giratoria, con revestimiento b\u00e1sico (magnesita)\u00a0Horno Inducci\u00f3n en instalaci\u00f3n.<\/p>\n<p><em><strong>MATERIALES PRODUCIDOS:<\/strong><\/em><\/p>\n<ul>\n<li>ACERO CARBONO<\/li>\n<li>ACEROS REFRACTARIOS<\/li>\n<li>ACEROS INOXIDABLES<\/li>\n<li>ACEROS AL MANGANESO<\/li>\n<li>ACEROS RESISTENTES A LA ABRASION Y DESGASTE<\/li>\n<li>ACEROS E HIERROS CON ALTO Cr DE 60 RC DE DUREZA<\/li>\n<li>HIERROS TIPO NIHARD<\/li>\n<li>HIERROS TIPO NIRESIST<\/li>\n<li>HIERROS PERLITICOS<\/li>\n<li>HIERRO SILICIO (DURIRON)<\/li>\n<\/ul>\n<p><strong>Tabla con normas corrientes:<\/strong><\/p>\n<p><a href=\"http:\/\/fundicionnavarro.com.ar\/fundiciondeacero\/wp-content\/uploads\/2015\/01\/tabla_materiales.jpg\"><img loading=\"lazy\" class=\"alignnone size-full wp-image-89\" src=\"http:\/\/fundicionnavarro.com.ar\/fundiciondeacero\/wp-content\/uploads\/2015\/01\/tabla_materiales.jpg\" alt=\"tabla_materiales\" width=\"607\" height=\"940\" srcset=\"http:\/\/fundicionnavarro.com.ar\/fundiciondeacero\/wp-content\/uploads\/2015\/01\/tabla_materiales.jpg 607w, http:\/\/fundicionnavarro.com.ar\/fundiciondeacero\/wp-content\/uploads\/2015\/01\/tabla_materiales-194x300.jpg 194w\" sizes=\"(max-width: 607px) 100vw, 607px\" \/><\/a><\/p>\n<p>&nbsp;<\/p>\n<p><a href=\"http:\/\/fundicionnavarro.com.ar\/fundiciondeacero\/wp-content\/uploads\/2015\/01\/materiales1.jpg\"><img loading=\"lazy\" class=\"alignnone size-thumbnail wp-image-92\" src=\"http:\/\/fundicionnavarro.com.ar\/fundiciondeacero\/wp-content\/uploads\/2015\/01\/materiales1-150x150.jpg\" alt=\"materiales1\" width=\"150\" height=\"150\" \/><\/a> <a href=\"http:\/\/fundicionnavarro.com.ar\/fundiciondeacero\/wp-content\/uploads\/2015\/01\/materiales2.jpg\"><img loading=\"lazy\" class=\"alignnone size-thumbnail wp-image-93\" src=\"http:\/\/fundicionnavarro.com.ar\/fundiciondeacero\/wp-content\/uploads\/2015\/01\/materiales2-150x150.jpg\" alt=\"materiales2\" width=\"150\" height=\"150\" \/><\/a> <a href=\"http:\/\/fundicionnavarro.com.ar\/fundiciondeacero\/wp-content\/uploads\/2015\/01\/materiales3.jpg\"><img loading=\"lazy\" class=\"alignnone size-thumbnail wp-image-94\" src=\"http:\/\/fundicionnavarro.com.ar\/fundiciondeacero\/wp-content\/uploads\/2015\/01\/materiales3-150x150.jpg\" alt=\"materiales3\" width=\"150\" height=\"150\" \/><\/a> \u00a0<a href=\"http:\/\/fundicionnavarro.com.ar\/fundiciondeacero\/wp-content\/uploads\/2015\/01\/materiales5.jpg\"><img loading=\"lazy\" class=\"alignnone size-thumbnail wp-image-96\" src=\"http:\/\/fundicionnavarro.com.ar\/fundiciondeacero\/wp-content\/uploads\/2015\/01\/materiales5-150x150.jpg\" alt=\"materiales5\" width=\"150\" height=\"150\" \/><\/a> <a href=\"http:\/\/fundicionnavarro.com.ar\/fundiciondeacero\/wp-content\/uploads\/2015\/01\/materiales6.jpg\"><img loading=\"lazy\" class=\"alignnone size-thumbnail wp-image-97\" src=\"http:\/\/fundicionnavarro.com.ar\/fundiciondeacero\/wp-content\/uploads\/2015\/01\/materiales6-150x150.jpg\" alt=\"materiales6\" width=\"150\" height=\"150\" \/><\/a> <a href=\"http:\/\/fundicionnavarro.com.ar\/fundiciondeacero\/wp-content\/uploads\/2015\/01\/materiales7.jpg\"><img loading=\"lazy\" class=\"alignnone size-thumbnail wp-image-98\" src=\"http:\/\/fundicionnavarro.com.ar\/fundiciondeacero\/wp-content\/uploads\/2015\/01\/materiales7-150x150.jpg\" alt=\"materiales7\" width=\"150\" height=\"150\" \/><\/a>\u00a0<a href=\"http:\/\/fundicionnavarro.com.ar\/fundiciondeacero\/wp-content\/uploads\/2015\/01\/material1.jpg\"><img loading=\"lazy\" class=\"alignnone size-thumbnail wp-image-167\" src=\"http:\/\/fundicionnavarro.com.ar\/fundiciondeacero\/wp-content\/uploads\/2015\/01\/material1-150x150.jpg\" alt=\"material1\" width=\"150\" height=\"150\" \/><\/a> <a href=\"http:\/\/fundicionnavarro.com.ar\/fundiciondeacero\/wp-content\/uploads\/2015\/01\/material2.jpg\"><img loading=\"lazy\" class=\"alignnone size-thumbnail wp-image-168\" src=\"http:\/\/fundicionnavarro.com.ar\/fundiciondeacero\/wp-content\/uploads\/2015\/01\/material2-150x150.jpg\" alt=\"material2\" width=\"150\" height=\"150\" \/><\/a> <a href=\"http:\/\/fundicionnavarro.com.ar\/fundiciondeacero\/wp-content\/uploads\/2015\/01\/material3.jpg\"><img loading=\"lazy\" class=\"alignnone size-thumbnail wp-image-169\" src=\"http:\/\/fundicionnavarro.com.ar\/fundiciondeacero\/wp-content\/uploads\/2015\/01\/material3-150x150.jpg\" alt=\"material3\" width=\"150\" height=\"150\" \/><\/a> <a href=\"http:\/\/fundicionnavarro.com.ar\/fundiciondeacero\/wp-content\/uploads\/2015\/01\/material4.jpg\"><img loading=\"lazy\" class=\"alignnone size-thumbnail wp-image-170\" src=\"http:\/\/fundicionnavarro.com.ar\/fundiciondeacero\/wp-content\/uploads\/2015\/01\/material4-150x150.jpg\" alt=\"material4\" width=\"150\" height=\"150\" \/><\/a> <a href=\"http:\/\/fundicionnavarro.com.ar\/fundiciondeacero\/wp-content\/uploads\/2015\/01\/material5.jpg\"><img loading=\"lazy\" class=\"alignnone size-thumbnail wp-image-171\" src=\"http:\/\/fundicionnavarro.com.ar\/fundiciondeacero\/wp-content\/uploads\/2015\/01\/material5-150x150.jpg\" alt=\"material5\" width=\"150\" height=\"150\" \/><\/a> <a href=\"http:\/\/fundicionnavarro.com.ar\/fundiciondeacero\/wp-content\/uploads\/2015\/01\/material6.jpg\"><img loading=\"lazy\" class=\"alignnone size-thumbnail wp-image-172\" src=\"http:\/\/fundicionnavarro.com.ar\/fundiciondeacero\/wp-content\/uploads\/2015\/01\/material6-150x150.jpg\" alt=\"material6\" width=\"150\" height=\"150\" \/><\/a> <a href=\"http:\/\/fundicionnavarro.com.ar\/fundiciondeacero\/wp-content\/uploads\/2015\/01\/material8.jpg\"><img loading=\"lazy\" class=\"alignnone size-thumbnail wp-image-173\" src=\"http:\/\/fundicionnavarro.com.ar\/fundiciondeacero\/wp-content\/uploads\/2015\/01\/material8-150x150.jpg\" alt=\"material8\" width=\"150\" height=\"150\" \/><\/a> <a href=\"http:\/\/fundicionnavarro.com.ar\/fundiciondeacero\/wp-content\/uploads\/2015\/01\/material9.jpg\"><img loading=\"lazy\" class=\"alignnone size-thumbnail wp-image-174\" src=\"http:\/\/fundicionnavarro.com.ar\/fundiciondeacero\/wp-content\/uploads\/2015\/01\/material9-150x150.jpg\" alt=\"material9\" width=\"150\" height=\"150\" \/><\/a><\/p>\n<p>&nbsp;<\/p>\n<p><strong>Tubo de inmersi\u00f3n\u00a0<\/strong><\/p>\n<p><a href=\"http:\/\/fundicionnavarro.com.ar\/fundiciondeacero\/wp-content\/uploads\/2015\/01\/tubo1.jpg\"><img loading=\"lazy\" class=\"alignnone size-thumbnail wp-image-229\" src=\"http:\/\/fundicionnavarro.com.ar\/fundiciondeacero\/wp-content\/uploads\/2015\/01\/tubo1-150x150.jpg\" alt=\"tubo1\" width=\"150\" height=\"150\" \/><\/a> <a href=\"http:\/\/fundicionnavarro.com.ar\/fundiciondeacero\/wp-content\/uploads\/2015\/01\/tubo2.jpg\"><img loading=\"lazy\" class=\"alignnone size-thumbnail wp-image-230\" src=\"http:\/\/fundicionnavarro.com.ar\/fundiciondeacero\/wp-content\/uploads\/2015\/01\/tubo2-150x150.jpg\" alt=\"tubo2\" width=\"150\" height=\"150\" \/><\/a> <a href=\"http:\/\/fundicionnavarro.com.ar\/fundiciondeacero\/wp-content\/uploads\/2015\/01\/tubo3.jpg\"><img loading=\"lazy\" class=\"alignnone size-thumbnail wp-image-231\" src=\"http:\/\/fundicionnavarro.com.ar\/fundiciondeacero\/wp-content\/uploads\/2015\/01\/tubo3-150x150.jpg\" alt=\"tubo3\" width=\"150\" height=\"150\" \/><\/a> <a href=\"http:\/\/fundicionnavarro.com.ar\/fundiciondeacero\/wp-content\/uploads\/2015\/01\/tubo4.jpg\"><img loading=\"lazy\" class=\"alignnone size-thumbnail wp-image-232\" src=\"http:\/\/fundicionnavarro.com.ar\/fundiciondeacero\/wp-content\/uploads\/2015\/01\/tubo4-150x150.jpg\" alt=\"tubo4\" width=\"150\" height=\"150\" \/><\/a> <a href=\"http:\/\/fundicionnavarro.com.ar\/fundiciondeacero\/wp-content\/uploads\/2015\/01\/tubo5.jpg\"><img loading=\"lazy\" class=\"alignnone size-thumbnail wp-image-233\" src=\"http:\/\/fundicionnavarro.com.ar\/fundiciondeacero\/wp-content\/uploads\/2015\/01\/tubo5-150x150.jpg\" alt=\"tubo5\" width=\"150\" height=\"150\" \/><\/a><\/p>\n","protected":false},"excerpt":{"rendered":"<p>Materiales Producidos Potencia instalada de 400 Kw. en media tensi\u00f3n y 80 Kw. en baja tensi\u00f3n.\u00a0Horno de fusi\u00f3n Whiting trif\u00e1sico con regulaci\u00f3n autom\u00e1tica y tapa giratoria, con revestimiento b\u00e1sico (magnesita)\u00a0Horno Inducci\u00f3n en instalaci\u00f3n. MATERIALES PRODUCIDOS: ACERO CARBONO ACEROS REFRACTARIOS ACEROS INOXIDABLES ACEROS AL MANGANESO ACEROS RESISTENTES A LA ABRASION Y DESGASTE ACEROS E HIERROS CON &hellip; <\/p>\n","protected":false},"author":1,"featured_media":280,"parent":32,"menu_order":0,"comment_status":"closed","ping_status":"closed","template":"","meta":[],"aioseo_notices":[],"_links":{"self":[{"href":"http:\/\/fundicionnavarro.com.ar\/fundiciondeacero\/wp-json\/wp\/v2\/pages\/34"}],"collection":[{"href":"http:\/\/fundicionnavarro.com.ar\/fundiciondeacero\/wp-json\/wp\/v2\/pages"}],"about":[{"href":"http:\/\/fundicionnavarro.com.ar\/fundiciondeacero\/wp-json\/wp\/v2\/types\/page"}],"author":[{"embeddable":true,"href":"http:\/\/fundicionnavarro.com.ar\/fundiciondeacero\/wp-json\/wp\/v2\/users\/1"}],"replies":[{"embeddable":true,"href":"http:\/\/fundicionnavarro.com.ar\/fundiciondeacero\/wp-json\/wp\/v2\/comments?post=34"}],"version-history":[{"count":6,"href":"http:\/\/fundicionnavarro.com.ar\/fundiciondeacero\/wp-json\/wp\/v2\/pages\/34\/revisions"}],"predecessor-version":[{"id":234,"href":"http:\/\/fundicionnavarro.com.ar\/fundiciondeacero\/wp-json\/wp\/v2\/pages\/34\/revisions\/234"}],"up":[{"embeddable":true,"href":"http:\/\/fundicionnavarro.com.ar\/fundiciondeacero\/wp-json\/wp\/v2\/pages\/32"}],"wp:featuredmedia":[{"embeddable":true,"href":"http:\/\/fundicionnavarro.com.ar\/fundiciondeacero\/wp-json\/wp\/v2\/media\/280"}],"wp:attachment":[{"href":"http:\/\/fundicionnavarro.com.ar\/fundiciondeacero\/wp-json\/wp\/v2\/media?parent=34"}],"curies":[{"name":"wp","href":"https:\/\/api.w.org\/{rel}","templated":true}]}}