{"id":40,"date":"2015-01-09T12:37:31","date_gmt":"2015-01-09T12:37:31","guid":{"rendered":"http:\/\/fundicionnavarro.com.ar\/fundiciondeacero\/?page_id=40"},"modified":"2015-01-13T13:37:05","modified_gmt":"2015-01-13T13:37:05","slug":"fusion","status":"publish","type":"page","link":"http:\/\/fundicionnavarro.com.ar\/fundiciondeacero\/produccion\/fusion\/","title":{"rendered":"Fusi\u00f3n"},"content":{"rendered":"<p>Potencia instalada de 400 Kw. en media tensi\u00f3n y 80 Kw. en baja tensi\u00f3n.<br \/>\nHorno de fusi\u00f3n Whiting trif\u00e1sico con regulaci\u00f3n autom\u00e1tica y tapa giratoria, con revestimiento b\u00e1sico (magnesita).<br \/>\nHorno Inducci\u00f3n en instalaci\u00f3n.<\/p>\n<p><a href=\"http:\/\/fundicionnavarro.com.ar\/fundiciondeacero\/wp-content\/uploads\/2015\/01\/fusion_a.jpg\"><img loading=\"lazy\" class=\"alignnone size-thumbnail wp-image-106\" src=\"http:\/\/fundicionnavarro.com.ar\/fundiciondeacero\/wp-content\/uploads\/2015\/01\/fusion_a-150x150.jpg\" alt=\"fusion_a\" width=\"150\" height=\"150\" \/><\/a> <a href=\"http:\/\/fundicionnavarro.com.ar\/fundiciondeacero\/wp-content\/uploads\/2015\/01\/fusion_b.jpg\"><img loading=\"lazy\" class=\"alignnone size-thumbnail wp-image-107\" src=\"http:\/\/fundicionnavarro.com.ar\/fundiciondeacero\/wp-content\/uploads\/2015\/01\/fusion_b-150x150.jpg\" alt=\"fusion_b\" width=\"150\" height=\"150\" \/><\/a> <a href=\"http:\/\/fundicionnavarro.com.ar\/fundiciondeacero\/wp-content\/uploads\/2015\/01\/fusion_c.jpg\"><img loading=\"lazy\" class=\"alignnone size-thumbnail wp-image-108\" src=\"http:\/\/fundicionnavarro.com.ar\/fundiciondeacero\/wp-content\/uploads\/2015\/01\/fusion_c-150x150.jpg\" alt=\"fusion_c\" width=\"150\" height=\"150\" \/><\/a> <a href=\"http:\/\/fundicionnavarro.com.ar\/fundiciondeacero\/wp-content\/uploads\/2015\/01\/fusion_d.jpg\"><img loading=\"lazy\" class=\"alignnone size-thumbnail wp-image-109\" src=\"http:\/\/fundicionnavarro.com.ar\/fundiciondeacero\/wp-content\/uploads\/2015\/01\/fusion_d-150x150.jpg\" alt=\"fusion_d\" width=\"150\" height=\"150\" \/><\/a><br \/>\n<a href=\"http:\/\/fundicionnavarro.com.ar\/fundiciondeacero\/wp-content\/uploads\/2015\/01\/fusion_e.jpg\"><img loading=\"lazy\" class=\"alignnone size-thumbnail wp-image-110\" src=\"http:\/\/fundicionnavarro.com.ar\/fundiciondeacero\/wp-content\/uploads\/2015\/01\/fusion_e-150x150.jpg\" alt=\"fusion_e\" width=\"150\" height=\"150\" \/><\/a> <a href=\"http:\/\/fundicionnavarro.com.ar\/fundiciondeacero\/wp-content\/uploads\/2015\/01\/fusion_f.jpg\"><img loading=\"lazy\" class=\"alignnone size-thumbnail wp-image-111\" src=\"http:\/\/fundicionnavarro.com.ar\/fundiciondeacero\/wp-content\/uploads\/2015\/01\/fusion_f-150x150.jpg\" alt=\"fusion_f\" width=\"150\" height=\"150\" \/><\/a> <a href=\"http:\/\/fundicionnavarro.com.ar\/fundiciondeacero\/wp-content\/uploads\/2015\/01\/fusion_h.jpg\"><img loading=\"lazy\" class=\"alignnone size-thumbnail wp-image-112\" src=\"http:\/\/fundicionnavarro.com.ar\/fundiciondeacero\/wp-content\/uploads\/2015\/01\/fusion_h-150x150.jpg\" alt=\"fusion_h\" width=\"150\" height=\"150\" \/><\/a>\u00a0<a href=\"http:\/\/fundicionnavarro.com.ar\/fundiciondeacero\/wp-content\/uploads\/2015\/01\/fusion1.jpg\"><img loading=\"lazy\" class=\"alignnone size-thumbnail wp-image-159\" src=\"http:\/\/fundicionnavarro.com.ar\/fundiciondeacero\/wp-content\/uploads\/2015\/01\/fusion1-150x150.jpg\" alt=\"fusion1\" width=\"150\" height=\"150\" \/><\/a> <a href=\"http:\/\/fundicionnavarro.com.ar\/fundiciondeacero\/wp-content\/uploads\/2015\/01\/fusion2.jpg\"><img loading=\"lazy\" class=\"alignnone size-thumbnail wp-image-160\" src=\"http:\/\/fundicionnavarro.com.ar\/fundiciondeacero\/wp-content\/uploads\/2015\/01\/fusion2-150x150.jpg\" alt=\"fusion2\" width=\"150\" height=\"150\" \/><\/a> <a href=\"http:\/\/fundicionnavarro.com.ar\/fundiciondeacero\/wp-content\/uploads\/2015\/01\/fusion3.jpg\"><img loading=\"lazy\" class=\"alignnone size-thumbnail wp-image-161\" src=\"http:\/\/fundicionnavarro.com.ar\/fundiciondeacero\/wp-content\/uploads\/2015\/01\/fusion3-150x150.jpg\" alt=\"fusion3\" width=\"150\" height=\"150\" \/><\/a> <a href=\"http:\/\/fundicionnavarro.com.ar\/fundiciondeacero\/wp-content\/uploads\/2015\/01\/fusion4.jpg\"><img loading=\"lazy\" class=\"alignnone size-thumbnail wp-image-162\" src=\"http:\/\/fundicionnavarro.com.ar\/fundiciondeacero\/wp-content\/uploads\/2015\/01\/fusion4-150x150.jpg\" alt=\"fusion4\" width=\"150\" height=\"150\" \/><\/a> <a href=\"http:\/\/fundicionnavarro.com.ar\/fundiciondeacero\/wp-content\/uploads\/2015\/01\/fusion5.jpg\"><img loading=\"lazy\" class=\"alignnone size-thumbnail wp-image-163\" src=\"http:\/\/fundicionnavarro.com.ar\/fundiciondeacero\/wp-content\/uploads\/2015\/01\/fusion5-150x150.jpg\" alt=\"fusion5\" width=\"150\" height=\"150\" \/><\/a> <a href=\"http:\/\/fundicionnavarro.com.ar\/fundiciondeacero\/wp-content\/uploads\/2015\/01\/fusion6.jpg\"><img loading=\"lazy\" class=\"alignnone size-thumbnail wp-image-164\" src=\"http:\/\/fundicionnavarro.com.ar\/fundiciondeacero\/wp-content\/uploads\/2015\/01\/fusion6-150x150.jpg\" alt=\"fusion6\" width=\"150\" height=\"150\" \/><\/a> <a href=\"http:\/\/fundicionnavarro.com.ar\/fundiciondeacero\/wp-content\/uploads\/2015\/01\/fusion7.jpg\"><img loading=\"lazy\" class=\"alignnone size-thumbnail wp-image-165\" src=\"http:\/\/fundicionnavarro.com.ar\/fundiciondeacero\/wp-content\/uploads\/2015\/01\/fusion7-150x150.jpg\" alt=\"fusion7\" width=\"150\" height=\"150\" \/><\/a><\/p>\n","protected":false},"excerpt":{"rendered":"<p>Potencia instalada de 400 Kw. en media tensi\u00f3n y 80 Kw. en baja tensi\u00f3n. Horno de fusi\u00f3n Whiting trif\u00e1sico con regulaci\u00f3n autom\u00e1tica y tapa giratoria, con revestimiento b\u00e1sico (magnesita). Horno Inducci\u00f3n en instalaci\u00f3n. \u00a0<\/p>\n","protected":false},"author":1,"featured_media":0,"parent":32,"menu_order":0,"comment_status":"open","ping_status":"open","template":"","meta":[],"aioseo_notices":[],"_links":{"self":[{"href":"http:\/\/fundicionnavarro.com.ar\/fundiciondeacero\/wp-json\/wp\/v2\/pages\/40"}],"collection":[{"href":"http:\/\/fundicionnavarro.com.ar\/fundiciondeacero\/wp-json\/wp\/v2\/pages"}],"about":[{"href":"http:\/\/fundicionnavarro.com.ar\/fundiciondeacero\/wp-json\/wp\/v2\/types\/page"}],"author":[{"embeddable":true,"href":"http:\/\/fundicionnavarro.com.ar\/fundiciondeacero\/wp-json\/wp\/v2\/users\/1"}],"replies":[{"embeddable":true,"href":"http:\/\/fundicionnavarro.com.ar\/fundiciondeacero\/wp-json\/wp\/v2\/comments?post=40"}],"version-history":[{"count":6,"href":"http:\/\/fundicionnavarro.com.ar\/fundiciondeacero\/wp-json\/wp\/v2\/pages\/40\/revisions"}],"predecessor-version":[{"id":166,"href":"http:\/\/fundicionnavarro.com.ar\/fundiciondeacero\/wp-json\/wp\/v2\/pages\/40\/revisions\/166"}],"up":[{"embeddable":true,"href":"http:\/\/fundicionnavarro.com.ar\/fundiciondeacero\/wp-json\/wp\/v2\/pages\/32"}],"wp:attachment":[{"href":"http:\/\/fundicionnavarro.com.ar\/fundiciondeacero\/wp-json\/wp\/v2\/media?parent=40"}],"curies":[{"name":"wp","href":"https:\/\/api.w.org\/{rel}","templated":true}]}}