{"id":42,"date":"2015-01-09T12:37:45","date_gmt":"2015-01-09T12:37:45","guid":{"rendered":"http:\/\/fundicionnavarro.com.ar\/fundiciondeacero\/?page_id=42"},"modified":"2015-04-07T14:03:06","modified_gmt":"2015-04-07T14:03:06","slug":"equipos-de-control","status":"publish","type":"page","link":"http:\/\/fundicionnavarro.com.ar\/fundiciondeacero\/equipos-de-control\/","title":{"rendered":"Equipos de control"},"content":{"rendered":"<p>Determinaci\u00f3n de carbono.<br \/>\nLaboratorio qu\u00edmico complementario.<\/p>\n<p><a href=\"http:\/\/fundicionnavarro.com.ar\/fundiciondeacero\/wp-content\/uploads\/2015\/01\/equipos_control1.jpg\"><img loading=\"lazy\" class=\"alignnone size-full wp-image-117\" src=\"http:\/\/fundicionnavarro.com.ar\/fundiciondeacero\/wp-content\/uploads\/2015\/01\/equipos_control1.jpg\" alt=\"equipos_control1\" width=\"300\" height=\"225\" \/><\/a><\/p>\n<p><strong>Espectrometr\u00eda<\/strong><br \/>\nIncorporaci\u00f3n reciente de espectr\u00f3metro Epecrtrolab de Spectrun (SPECTROMAX X DE SPECTRO) con determinaci\u00f3n de N2, 25 elementos con bases Fe- Ni- Al-Cu-<\/p>\n<p><a href=\"http:\/\/fundicionnavarro.com.ar\/fundiciondeacero\/wp-content\/uploads\/2015\/01\/equipos1.jpg\"><img loading=\"lazy\" class=\"alignnone size-medium wp-image-151\" src=\"http:\/\/fundicionnavarro.com.ar\/fundiciondeacero\/wp-content\/uploads\/2015\/01\/equipos1-300x201.jpg\" alt=\"equipos1\" width=\"300\" height=\"201\" srcset=\"http:\/\/fundicionnavarro.com.ar\/fundiciondeacero\/wp-content\/uploads\/2015\/01\/equipos1-300x201.jpg 300w, http:\/\/fundicionnavarro.com.ar\/fundiciondeacero\/wp-content\/uploads\/2015\/01\/equipos1.jpg 600w\" sizes=\"(max-width: 300px) 100vw, 300px\" \/><\/a><\/p>\n<p><strong>Ensayos F\u00edsicos<\/strong><br \/>\nUr\u00f3metro Rockwel.<br \/>\nUr\u00f3metro Brinell fijo y port\u00e1til<br \/>\nMetalograf\u00eda.<br \/>\nEquipo para control dimensional<br \/>\nGir\u00f3metros \u00f3pticos de radiaci\u00f3n y digital.<br \/>\nTintas penetrantes.<\/p>\n<p><a href=\"http:\/\/fundicionnavarro.com.ar\/fundiciondeacero\/wp-content\/uploads\/2015\/01\/equipos_control3.jpg\"><img loading=\"lazy\" class=\"alignnone wp-image-120 size-thumbnail\" src=\"http:\/\/fundicionnavarro.com.ar\/fundiciondeacero\/wp-content\/uploads\/2015\/01\/equipos_control3-150x150.jpg\" alt=\"equipos_control3\" width=\"150\" height=\"150\" \/><\/a><a href=\"http:\/\/fundicionnavarro.com.ar\/fundiciondeacero\/wp-content\/uploads\/2015\/01\/equipos_control5.jpg\">\u00a0<\/a><a href=\"http:\/\/fundicionnavarro.com.ar\/fundiciondeacero\/wp-content\/uploads\/2015\/01\/equipos_control5.jpg\"><img loading=\"lazy\" class=\"alignnone wp-image-121 size-thumbnail\" src=\"http:\/\/fundicionnavarro.com.ar\/fundiciondeacero\/wp-content\/uploads\/2015\/01\/equipos_control5-150x150.jpg\" alt=\"equipos_control5\" width=\"150\" height=\"150\" \/><\/a>\u00a0<a href=\"http:\/\/fundicionnavarro.com.ar\/fundiciondeacero\/wp-content\/uploads\/2015\/01\/equipos2.jpg\"><img loading=\"lazy\" class=\"alignnone wp-image-152 size-thumbnail\" src=\"http:\/\/fundicionnavarro.com.ar\/fundiciondeacero\/wp-content\/uploads\/2015\/01\/equipos2-150x150.jpg\" alt=\"equipos2\" width=\"150\" height=\"150\" \/><\/a>\u00a0<a href=\"http:\/\/fundicionnavarro.com.ar\/fundiciondeacero\/wp-content\/uploads\/2015\/01\/equipos31.jpg\"><img loading=\"lazy\" class=\"alignnone wp-image-155 size-thumbnail\" src=\"http:\/\/fundicionnavarro.com.ar\/fundiciondeacero\/wp-content\/uploads\/2015\/01\/equipos31-150x150.jpg\" alt=\"equipos3\" width=\"150\" height=\"150\" \/><\/a>\u00a0<a href=\"http:\/\/fundicionnavarro.com.ar\/fundiciondeacero\/wp-content\/uploads\/2015\/01\/equipos.jpg\"><img loading=\"lazy\" class=\"alignnone size-thumbnail wp-image-226\" src=\"http:\/\/fundicionnavarro.com.ar\/fundiciondeacero\/wp-content\/uploads\/2015\/01\/equipos-150x150.jpg\" alt=\"equipos\" width=\"150\" height=\"150\" \/><\/a> <a href=\"http:\/\/fundicionnavarro.com.ar\/fundiciondeacero\/wp-content\/uploads\/2015\/01\/equipos21.jpg\"><img loading=\"lazy\" class=\"alignnone size-thumbnail wp-image-227\" src=\"http:\/\/fundicionnavarro.com.ar\/fundiciondeacero\/wp-content\/uploads\/2015\/01\/equipos21-150x150.jpg\" alt=\"equipos2\" width=\"150\" height=\"150\" \/><\/a><\/p>\n<p>&nbsp;<\/p>\n","protected":false},"excerpt":{"rendered":"<p>Determinaci\u00f3n de carbono. Laboratorio qu\u00edmico complementario. Espectrometr\u00eda Incorporaci\u00f3n reciente de espectr\u00f3metro Epecrtrolab de Spectrun (SPECTROMAX X DE SPECTRO) con determinaci\u00f3n de N2, 25 elementos con bases Fe- Ni- Al-Cu- Ensayos F\u00edsicos Ur\u00f3metro Rockwel. Ur\u00f3metro Brinell fijo y port\u00e1til Metalograf\u00eda. Equipo para control dimensional Gir\u00f3metros \u00f3pticos de radiaci\u00f3n y digital. Tintas penetrantes. \u00a0\u00a0\u00a0\u00a0 &nbsp;<\/p>\n","protected":false},"author":1,"featured_media":0,"parent":0,"menu_order":0,"comment_status":"closed","ping_status":"closed","template":"","meta":[],"aioseo_notices":[],"_links":{"self":[{"href":"http:\/\/fundicionnavarro.com.ar\/fundiciondeacero\/wp-json\/wp\/v2\/pages\/42"}],"collection":[{"href":"http:\/\/fundicionnavarro.com.ar\/fundiciondeacero\/wp-json\/wp\/v2\/pages"}],"about":[{"href":"http:\/\/fundicionnavarro.com.ar\/fundiciondeacero\/wp-json\/wp\/v2\/types\/page"}],"author":[{"embeddable":true,"href":"http:\/\/fundicionnavarro.com.ar\/fundiciondeacero\/wp-json\/wp\/v2\/users\/1"}],"replies":[{"embeddable":true,"href":"http:\/\/fundicionnavarro.com.ar\/fundiciondeacero\/wp-json\/wp\/v2\/comments?post=42"}],"version-history":[{"count":9,"href":"http:\/\/fundicionnavarro.com.ar\/fundiciondeacero\/wp-json\/wp\/v2\/pages\/42\/revisions"}],"predecessor-version":[{"id":228,"href":"http:\/\/fundicionnavarro.com.ar\/fundiciondeacero\/wp-json\/wp\/v2\/pages\/42\/revisions\/228"}],"wp:attachment":[{"href":"http:\/\/fundicionnavarro.com.ar\/fundiciondeacero\/wp-json\/wp\/v2\/media?parent=42"}],"curies":[{"name":"wp","href":"https:\/\/api.w.org\/{rel}","templated":true}]}}